{"id":3,"date":"2022-09-16T00:24:20","date_gmt":"2022-09-16T00:24:20","guid":{"rendered":"https:\/\/conexagestion.com.ar\/?page_id=3"},"modified":"2022-09-19T01:02:08","modified_gmt":"2022-09-19T01:02:08","slug":"politica-privacidad","status":"publish","type":"page","link":"https:\/\/conexagestion.com.ar\/index.php\/politica-privacidad\/","title":{"rendered":"Pol\u00edtica de privacidad"},"content":{"rendered":"<p>[vc_row css_animation=&#8221;&#8221; row_type=&#8221;row&#8221; use_row_as_full_screen_section=&#8221;no&#8221; type=&#8221;full_width&#8221; angled_section=&#8221;no&#8221; text_align=&#8221;left&#8221; background_image_as_pattern=&#8221;without_pattern&#8221;][vc_column el_class=&#8221; pt-75&#8243;][vc_column_text]<\/p>\n<h2><strong>POL\u00cdTICA DE PRIVACIDAD<\/strong><\/h2>\n<p>[\/vc_column_text][\/vc_column][\/vc_row][vc_row css_animation=&#8221;&#8221; row_type=&#8221;row&#8221; use_row_as_full_screen_section=&#8221;no&#8221; type=&#8221;full_width&#8221; angled_section=&#8221;no&#8221; text_align=&#8221;left&#8221; background_image_as_pattern=&#8221;without_pattern&#8221; z_index=&#8221;&#8221; padding_top=&#8221;67px&#8221;][vc_column width=&#8221;3\/4&#8243; css=&#8221;.vc_custom_1663549092581{padding-bottom: 150px !important;}&#8221;][vc_column_text el_class=&#8221;pad-top-40&#8243;]CONEXA GESTI\u00d3N (en adelante \u201cCONEXA\u201d) respeta la intimidad de los visitantes de su p\u00e1gina web, y dar\u00e1 a sus datos personales un uso conforme a la legislaci\u00f3n vigente en materia de protecci\u00f3n de datos de car\u00e1cter personal.<\/p>\n<p class=\"pad-top-20\">CONEXA s\u00f3lo utilizar\u00e1 sus datos de acuerdo con la finalidad para los que han sido recogidos, respetando su confidencialidad, a cuyo fin ha adoptado las medidas necesarias para evitar su alteraci\u00f3n, p\u00e9rdida, tratamiento o acceso no autorizado.<\/p>\n<p class=\"pad-top-20\">CONEXA emplea redes de datos protegidas por dispositivos de seguridad cortafuegos (\u201cfirewall\u201d) y contrase\u00f1as de uso. Solamente el personal autorizado tendr\u00e1 acceso a los datos que usted nos proporcione. QA COMPANY ha impuesto normas estrictas a sus empleados que acceden a las bases de datos donde se almacenan datos de los usuarios. CONEXA no puede ofrecer garant\u00edas absolutas contra toda p\u00e9rdida, uso indebido o modificaci\u00f3n de datos personales, pero realiza todos los esfuerzos por evitarlos.<\/p>\n<p class=\"pad-top-20\">CONEXA no se hace responsable por los posibles ataques, phishing, pharming o cualquier otro evento de fuerza mayor que pueda vulnerar al sitio. CONEXA no es responsable por errores, omisiones, interrupciones, eliminaciones, defectos, retrasos de funcionamiento o de transmisi\u00f3n, fallos de la l\u00ednea de comunicaciones, robos, destrucci\u00f3n, acceso no autorizado o alteraci\u00f3n de las comunicaciones del visitante.<\/p>\n<h3 class=\"h4 pt-75\"><strong>\u00bfQU\u00c9 INFORMACI\u00d3N PERSONAL RECOGEMOS?<\/strong><\/h3>\n<p class=\"pad-top-40\">CONEXA podr\u00e1 recoger datos de car\u00e1cter personal \u00fanicamente cuando los mismos sean proporcionados en forma voluntaria, pudiendo utilizarlos para responder a sus solicitudes, mejorar la calidad del servicio, o suministrarle informaci\u00f3n \u00fatil sobre sobre productos y servicios nuevos, o bien para obtener su opini\u00f3n sobre nuestros productos y servicios. Por favor, tenga en cuenta que ingresando su clave o haciendo constar sus datos Usted est\u00e1, a menos que indique lo contrario, dando su consentimiento para que esos datos sean procesados, almacenados y utilizados para los fines enumerados en la presente pol\u00edtica de privacidad.<\/p>\n<p class=\"pad-top-20\">CONEXA podr\u00e1, asimismo, almacenar y relacionar informaci\u00f3n como tipo de navegador del Visitante, su direcci\u00f3n IP, tiempo de duraci\u00f3n de la navegaci\u00f3n por el Sitio, p\u00e1gina que ha reenviado al Visitante al Sitio, tr\u00e1fico y preferencias del Visitante dentro del Sitio, etc, trat\u00e1ndose de datos no identificatorios y que no son considerados datos personales en los t\u00e9rminos de la Ley de Protecci\u00f3n de Datos Personales.<\/p>\n<h3 class=\"h4 pt-75\"><strong>COOKIES<\/strong><\/h3>\n<p class=\"pad-top-40\">CONEXA puede instalar ficheros \u201ccookie\u201d en su navegador. Los ficheros \u201ccookie\u201d son un conjunto de datos de tama\u00f1o reducido que se env\u00eda a su navegador y se almacenan en el disco duro de su ordenador. Los ficheros \u201ccookie\u201d proporcionan a CONEXA informaci\u00f3n relativa a la frecuencia con que alguien visita nuestro sitio web y sobre qu\u00e9 se hace durante dichas visitas. Los ficheros \u201ccookie\u201d no contienen, por s\u00ed mismos, datos de car\u00e1cter personal pero si Usted nos proporciona esos datos, por ejemplo a trav\u00e9s de su registro en el sitio web, dichos datos se podr\u00e1n vincular a los datos almacenados en los ficheros \u201ccookie\u201d. Las \u201ccookies\u201d pueden ser eliminadas desde las opciones de su navegador.<\/p>\n<p class=\"pad-top-20\">Asimismo, CONEXA podr\u00e1 recabar informaci\u00f3n general para determinar el n\u00famero total de visitantes de nuestro sitio y servicios web, y los nombres de los dominios de los proveedores del servicio de Internet de nuestros visitantes. CONEXA utilizar\u00e1 esta informaci\u00f3n para conocer c\u00f3mo nuestros visitantes utilizan nuestro sitio y servicios web y poder mejorarlos.<\/p>\n<h3 class=\"h4 pt-75\"><strong>PROTECCI\u00d3N DE LA INFORMACI\u00d3N DE LOS VISITANTES<\/strong><\/h3>\n<p class=\"pad-top-40\">CONEXA no comunicar\u00e1 sus datos personales a ning\u00fan tercero salvo que usted haya dado su consentimiento expreso o se trate de una comunicaci\u00f3n permitida conforme a la Ley N\u00ba 25.326 de Protecci\u00f3n de los Datos Personales. En el momento en que Usted hace constar sus datos personales, Usted acepta someterse a la presente pol\u00edtica de privacidad.<\/p>\n<p class=\"pad-top-20\">Utilizamos la tecnolog\u00eda de capa de conexi\u00f3n segura (SSL) para proteger la transmisi\u00f3n de los datos de su tarjeta de pago a trav\u00e9s de Internet.<\/p>\n<h3 class=\"h4 pt-75\"><strong>INFORMACI\u00d3N PERSONAL Y RESTRICCI\u00d3N DE USO<\/strong><\/h3>\n<p class=\"pad-top-40\">De conformidad con la Ley N\u00ba 25.326 de Protecci\u00f3n de los Datos Personales, Usted puede ejercer los derechos de acceso, rectificaci\u00f3n, bloqueo o supresi\u00f3n dirigi\u00e9ndose por escrito a CONEXA, [**DOMICILIO LEGAL**], indicando en todos los casos su nombre y apellido, n\u00famero de DNI, su solicitud y razones del ejercicio de su derecho.<\/p>\n<p class=\"pad-top-20\">El titular de los datos personales tiene la facultad de ejercer el derecho de acceso a los mismos en forma gratuita a intervalos no inferiores a seis meses, salvo que se acredite un inter\u00e9s leg\u00edtimo al efecto conforme lo establecido en el art\u00edculo 14, inciso 3 de la Ley N\u00b0 25.326. La Direcci\u00f3n Nacional de Protecci\u00f3n de Datos Personales, \u00d3rgano de Control, tiene la atribuci\u00f3n de atender las denuncias y reclamos que se interpongan con relaci\u00f3n al incumplimiento de las normas sobre protecci\u00f3n de datos personales.<\/p>\n<h3 class=\"h4 pt-75\"><strong>RESTRICCIONES<\/strong><\/h3>\n<p class=\"pad-top-40\">Se consideran usos prohibidos y los Visitantes se obligan a no utilizar el Sitio para: Enviar spam, publicidad no solicitada o no autorizada, cartas encadenadas, o cualquier otro tipo de comunicaciones il\u00edcitas. Realizar manifestaciones falsas o proporcionar informaci\u00f3n falsa sobre los datos suministrados a CONEXA. Usar el Sitio en forma contraria a las Pol\u00edticas de Privacidad, la ley y las buenas costumbres, o de cualquier forma que pueda da\u00f1ar, desprestigiar, sobrecargar o perjudicar a CONEXA o a terceros. CONEXA se reserva a su exclusivo criterio la facultad de suspender, reemplazar, restringir el acceso o discontinuar temporal o permanentemente el Sitio, sin previo aviso, sin que implique responsabilidad alguna de CONEXA por la cancelaci\u00f3n.<\/p>\n<h3 class=\"h4 pt-75\"><strong>CAMBIOS EN LA POL\u00cdTICA DE PRIVACIDAD<\/strong><\/h3>\n<p class=\"pad-top-40\">CONEXA se reserva el derecho a modificar total o parcialmente las Pol\u00edticas de Privacidad, en cualquier momento y sin previo aviso. Si sucede cualquier modificaci\u00f3n, se publicar\u00e1 la misma en el Sitio, sobre la cual quedar\u00e1 notificado el visitante en su nuevo ingreso, consider\u00e1ndose la misma aceptada en caso de no comunicar lo contrario a CONEXA. Las presentes Pol\u00edticas de Privacidad deben ser interpretadas conforme a las leyes de la Rep\u00fablica Argentina, excluyendo la aplicaci\u00f3n de cualquier norma de conflicto que reenv\u00ede a la aplicaci\u00f3n de otra ley. Todas las controversias que deriven de estas Pol\u00edticas de Privacidad o que guarden relaci\u00f3n con \u00e9stos ser\u00e1n resueltas definitivamente por los tribunales ordinarios de la Ciudad Aut\u00f3noma de Buenos Aires, con renuncia a cualquier otro fuero o jurisdicci\u00f3n.<\/p>\n<p class=\"pad-top-20\">Para todos los efectos judiciales y extrajudiciales, CONEXA constituye domicilio legal en &#8230; (Argentina), donde ser\u00e1n v\u00e1lidas todas las notificaciones referidas al uso del Sitio. Las notificaciones deber\u00e1n ser realizadas por forma fehaciente y no se considerar\u00e1n efectuadas si no existiese constancia de recepci\u00f3n por una persona autorizada por CONEXA a tales fines.<\/p>\n<h3 class=\"h4 pt-75\"><strong>PREGUNTAS E INFORMACI\u00d3N DE CONTACTO<\/strong><\/h3>\n<p class=\"pad-top-40\">Si tiene alguna pregunta o comentario sobre este Aviso de Privacidad, o desea ejercer sus derechos relacionados con sus datos personales, comun\u00edquese con <a href=\"mailto:contacto@conexagestion.com.ar\"><strong>contacto@conexagestion.com.ar<\/strong><\/a><\/p>\n<p>[\/vc_column_text][\/vc_column][vc_column width=&#8221;1\/4&#8243;][\/vc_column][\/vc_row]<\/p>\n","protected":false},"excerpt":{"rendered":"<p>[vc_row css_animation=&#8221;&#8221; row_type=&#8221;row&#8221; use_row_as_full_screen_section=&#8221;no&#8221; type=&#8221;full_width&#8221; angled_section=&#8221;no&#8221; text_align=&#8221;left&#8221; background_image_as_pattern=&#8221;without_pattern&#8221;][vc_column el_class=&#8221; pt-75&#8243;][vc_column_text] POL\u00cdTICA DE PRIVACIDAD [\/vc_column_text][\/vc_column][\/vc_row][vc_row css_animation=&#8221;&#8221; row_type=&#8221;row&#8221; use_row_as_full_screen_section=&#8221;no&#8221; type=&#8221;full_width&#8221; angled_section=&#8221;no&#8221; text_align=&#8221;left&#8221; background_image_as_pattern=&#8221;without_pattern&#8221; z_index=&#8221;&#8221; padding_top=&#8221;67px&#8221;][vc_column width=&#8221;3\/4&#8243; css=&#8221;.vc_custom_1663549092581{padding-bottom: 150px !important;}&#8221;][vc_column_text el_class=&#8221;pad-top-40&#8243;]CONEXA GESTI\u00d3N (en adelante \u201cCONEXA\u201d) respeta la intimidad de los visitantes de su p\u00e1gina web, y dar\u00e1 a&#8230;<\/p>\n","protected":false},"author":1,"featured_media":0,"parent":0,"menu_order":0,"comment_status":"closed","ping_status":"open","template":"","meta":{"om_disable_all_campaigns":false,"_monsterinsights_skip_tracking":false,"_monsterinsights_sitenote_active":false,"_monsterinsights_sitenote_note":"","_monsterinsights_sitenote_category":0},"aioseo_notices":[],"_links":{"self":[{"href":"https:\/\/conexagestion.com.ar\/index.php\/wp-json\/wp\/v2\/pages\/3"}],"collection":[{"href":"https:\/\/conexagestion.com.ar\/index.php\/wp-json\/wp\/v2\/pages"}],"about":[{"href":"https:\/\/conexagestion.com.ar\/index.php\/wp-json\/wp\/v2\/types\/page"}],"author":[{"embeddable":true,"href":"https:\/\/conexagestion.com.ar\/index.php\/wp-json\/wp\/v2\/users\/1"}],"replies":[{"embeddable":true,"href":"https:\/\/conexagestion.com.ar\/index.php\/wp-json\/wp\/v2\/comments?post=3"}],"version-history":[{"count":5,"href":"https:\/\/conexagestion.com.ar\/index.php\/wp-json\/wp\/v2\/pages\/3\/revisions"}],"predecessor-version":[{"id":389,"href":"https:\/\/conexagestion.com.ar\/index.php\/wp-json\/wp\/v2\/pages\/3\/revisions\/389"}],"wp:attachment":[{"href":"https:\/\/conexagestion.com.ar\/index.php\/wp-json\/wp\/v2\/media?parent=3"}],"curies":[{"name":"wp","href":"https:\/\/api.w.org\/{rel}","templated":true}]}}